{"id":9,"date":"2020-05-27T01:11:50","date_gmt":"2020-05-27T01:11:50","guid":{"rendered":"https:\/\/essentials.pixfort.com\/medical\/?page_id=9"},"modified":"2024-09-17T17:53:27","modified_gmt":"2024-09-17T20:53:27","slug":"homepage","status":"publish","type":"page","link":"https:\/\/novo.e2rtreinamentos.com.br\/wp\/","title":{"rendered":"E2R Consultoria"},"content":{"rendered":"<section class=\"wpb-content-wrapper\">[vc_section full_width=&#8221;stretch_row_content&#8221; pix_over_visibility=&#8221;&#8221; b_custom_height=&#8221;150px&#8221; css=&#8221;.vc_custom_1725393274584{padding-top: 0px !important;background-color: #ffffff !important;}&#8221;][vc_row full_width=&#8221;stretch_row_content_no_spaces&#8221; pix_particles_check=&#8221;&#8221; css=&#8221;.vc_custom_1720470569313{padding-top: 0px !important;}&#8221;][vc_column offset=&#8221;vc_hidden-md vc_hidden-sm vc_hidden-xs&#8221;]<div class=\"d-inline-block \" style=\"width:100%;\"><a href=\"https:\/\/wa.me\/5585991528353\"  class=\"pix-img-el    text-center d-inline-block  rounded-0\"  aria-label=\"Image link\"><img loading=\"lazy\" decoding=\"async\" class=\"pix-lazy2 card-img2 rounded-0 h-1002\" src=\"https:\/\/novo.e2rtreinamentos.com.br\/wp\/wp-content\/uploads\/2024\/09\/5banner-teste-e2r.jpg\" srcset=\"https:\/\/novo.e2rtreinamentos.com.br\/wp\/wp-content\/uploads\/2024\/09\/5banner-teste-e2r.jpg 1920w, https:\/\/novo.e2rtreinamentos.com.br\/wp\/wp-content\/uploads\/2024\/09\/5banner-teste-e2r-300x138.jpg 300w, https:\/\/novo.e2rtreinamentos.com.br\/wp\/wp-content\/uploads\/2024\/09\/5banner-teste-e2r-1024x473.jpg 1024w, https:\/\/novo.e2rtreinamentos.com.br\/wp\/wp-content\/uploads\/2024\/09\/5banner-teste-e2r-768x354.jpg 768w, https:\/\/novo.e2rtreinamentos.com.br\/wp\/wp-content\/uploads\/2024\/09\/5banner-teste-e2r-1536x709.jpg 1536w\" width=\"1920\" height=\"886\" alt=\"Image link\" style=\"width:100%;height:auto;\"\/><\/a><\/div>[\/vc_column][\/vc_row][vc_row full_width=&#8221;stretch_row_content_no_spaces&#8221; pix_particles_check=&#8221;&#8221; css=&#8221;.vc_custom_1720470569313{padding-top: 0px !important;}&#8221;][vc_column offset=&#8221;vc_hidden-lg&#8221;]<div class=\"d-inline-block \" style=\"width:100%;\"><div class=\"pix-img-el    text-center d-inline-block  w-100 rounded-0\"  ><img loading=\"lazy\" decoding=\"async\" class=\"card-img2 pix-img-elem rounded-0  h-1002\" style=\"width:100%;height:auto;\" width=\"1080\" height=\"1350\" srcset=\"https:\/\/novo.e2rtreinamentos.com.br\/wp\/wp-content\/uploads\/2024\/09\/banner-e2r-mobile2.jpg 1080w, https:\/\/novo.e2rtreinamentos.com.br\/wp\/wp-content\/uploads\/2024\/09\/banner-e2r-mobile2-240x300.jpg 240w, https:\/\/novo.e2rtreinamentos.com.br\/wp\/wp-content\/uploads\/2024\/09\/banner-e2r-mobile2-819x1024.jpg 819w, https:\/\/novo.e2rtreinamentos.com.br\/wp\/wp-content\/uploads\/2024\/09\/banner-e2r-mobile2-768x960.jpg 768w\" sizes=\"auto, (max-width: 1080px) 100vw, 1080px\" src=\"https:\/\/novo.e2rtreinamentos.com.br\/wp\/wp-content\/uploads\/2024\/09\/banner-e2r-mobile2.jpg\" alt=\"Image link\" \/><\/div><\/div>[\/vc_column][\/vc_row][\/vc_section][vc_section full_width=&#8221;stretch_row&#8221; pix_over_visibility=&#8221;&#8221; css=&#8221;.vc_custom_1725393178808{padding-top: 60px !important;padding-bottom: 60px !important;background-color: #113350 !important;}&#8221;][vc_row full_width=&#8221;stretch_row&#8221; content_placement=&#8221;middle&#8221; pix_particles_check=&#8221;&#8221;][vc_column content_align=&#8221;text-center&#8221; offset=&#8221;vc_hidden-md vc_hidden-sm vc_hidden-xs&#8221;]<span class=\"pix-badge-element h6 d-inline-block mr-1 animate-in\" data-anim-type=\"fade-in-left\" data-anim-delay=\"600\"><span class=\"badge font-weight-bold badge-pill bg-secondary  vc_custom_1725393495673  \" style=\" \"><span class=\"text-white\" style=\"\">Health Select<\/span><\/span><\/span><div id=\"el1725305753662-3f040a4c-0846\" class=\"mb-3 text-center \"><div class=\"d-inline-block\" style=\"max-width:900px;\"><h3 class=\"mb-32 pix-sliding-headline-2 animate-in font-weight-bold secondary-font \" data-anim-type=\"pix-sliding-text\" pix-anim-delay=\"500\" data-class=\"secondary-font text-white\" style=\"\"><span class=\"slide-in-container \"><span class=\"pix-sliding-item secondary-font text-white\" style=\"transition-delay: 0ms;\">Consultoria&#32;<\/span><\/span> <span class=\"slide-in-container \"><span class=\"pix-sliding-item secondary-font text-white\" style=\"transition-delay: 150ms;\">e&#32;<\/span><\/span> <span class=\"slide-in-container \"><span class=\"pix-sliding-item secondary-font text-white\" style=\"transition-delay: 300ms;\">gest\u00e3o&#32;<\/span><\/span> <span class=\"slide-in-container \"><span class=\"pix-sliding-item secondary-font text-white\" style=\"transition-delay: 450ms;\">de&#32;<\/span><\/span> <span class=\"slide-in-container \"><span class=\"pix-sliding-item secondary-font text-white\" style=\"transition-delay: 600ms;\">cl\u00ednicas,&#32;<\/span><\/span> <span class=\"slide-in-container \"><span class=\"pix-sliding-item secondary-font text-white\" style=\"transition-delay: 750ms;\">consult\u00f3rios&#32;<\/span><\/span> <span class=\"slide-in-container \"><span class=\"pix-sliding-item secondary-font text-white\" style=\"transition-delay: 900ms;\">e&#32;<\/span><\/span> <span class=\"slide-in-container \"><span class=\"pix-sliding-item secondary-font text-white\" style=\"transition-delay: 1050ms;\">hospitais&#32;<\/span><\/span> <\/h3><\/div><\/div><div class=\"pix-el-text w-100  \" ><div class=\"d-inline-block\" style=\"max-width:800px;\"><p class=\"text-20  text-white  \" ><span class=\"text-white animate-in d-inline-block\" data-anim-delay=\"1400\" data-anim-type=\"fade-in-up\">Com a ajuda de especialistas, \u00e9 poss\u00edvel identificar oportunidades de crescimento, corrigir falhas e alinhar processos para alcan\u00e7ar seus objetivos de forma mais r\u00e1pida e eficiente.<\/span><\/p><\/div><\/div>[\/vc_column][\/vc_row][vc_row full_width=&#8221;stretch_row&#8221; content_placement=&#8221;middle&#8221; pix_particles_check=&#8221;&#8221;][vc_column]<div class=\"card mb-3 mb-sm-0 pix-info-card   shadow-lg shadow-hover-lg scale-sm  animate-in\" data-anim-type=\"fade-in-up\" data-anim-delay=\"0\"><div class=\"card-inner\"><a href=\"https:\/\/novo.e2rtreinamentos.com.br\/wp\/?page_id=14368\" ><div class=\"card-img-overlay p-0 d-flex flex-column justify-content-end animating fade-in-up\"><div class=\"card-img-overlay-content card-content-box bg-dark-opacity-2 pix-p-20\" ><div class=\"card-img-blur bottom-blur\" style=\"background-image:url(https:\/\/novo.e2rtreinamentos.com.br\/wp\/wp-content\/uploads\/2024\/09\/bg-test-01-1024x422.jpg);\"><\/div><h6 class=\"card-text font-weight-bold text-light-opacity-7  animate-in\" data-anim-type=\"fade-in\" data-anim-delay=\"800\" style=\"\">Consultoria premium para m\u00e9dicos, cl\u00ednicas e hospitais.<\/h6><h4 class=\"text-white font-weight-bold mb-0 animate-in\" data-anim-type=\"fade-in\" data-anim-delay=\"400\" style=\"\">Health Consulting<\/h4><\/div><\/div><img decoding=\"async\" class=\"card-img-bottom animating fade-in-Img\" src=\"https:\/\/novo.e2rtreinamentos.com.br\/wp\/wp-content\/uploads\/2024\/09\/bg-test-01-1024x422.jpg\" alt=\"\"><\/a><\/div><\/div>[vc_empty_space][\/vc_column][\/vc_row][vc_row full_width=&#8221;stretch_row&#8221; content_placement=&#8221;middle&#8221; pix_particles_check=&#8221;&#8221;][vc_column width=&#8221;1\/3&#8243;]<div class=\"card mb-3 mb-sm-0 pix-info-card   shadow-lg shadow-hover-lg scale-sm  animate-in\" data-anim-type=\"fade-in-up\" data-anim-delay=\"0\"><div class=\"card-inner\"><a href=\"https:\/\/novo.e2rtreinamentos.com.br\/wp\/?page_id=14368\" ><div class=\"card-img-overlay p-0 d-flex flex-column justify-content-end animating fade-in-up\"><div class=\"card-img-overlay-content card-content-box bg-dark-opacity-2 pix-p-20\" ><h6 class=\"card-text font-weight-bold text-light-opacity-7  animate-in\" data-anim-type=\"fade-in\" data-anim-delay=\"800\" style=\"\">Cres\u00e7a sua empresa.<\/h6><h4 class=\"text-white font-weight-bold mb-0 animate-in\" data-anim-type=\"fade-in\" data-anim-delay=\"400\" style=\"\">Consultoria Empresarial<\/h4><\/div><\/div><img decoding=\"async\" class=\"card-img-bottom animating fade-in-Img\" src=\"https:\/\/novo.e2rtreinamentos.com.br\/wp\/wp-content\/uploads\/2024\/09\/e2r-consultoriaempresarial.jpg\" alt=\"\"><\/a><\/div><\/div>[vc_empty_space][\/vc_column][vc_column width=&#8221;1\/3&#8243;]<div class=\"card mb-3 mb-sm-0 pix-info-card   shadow-lg shadow-hover-lg scale-sm  animate-in\" data-anim-type=\"fade-in-up\" data-anim-delay=\"0\"><div class=\"card-inner\"><a href=\"https:\/\/novo.e2rtreinamentos.com.br\/wp\/?page_id=14368\" ><div class=\"card-img-overlay p-0 d-flex flex-column justify-content-end animating fade-in-up\"><div class=\"card-img-overlay-content card-content-box bg-dark-opacity-2 pix-p-20\" ><h6 class=\"card-text font-weight-bold text-light-opacity-7  animate-in\" data-anim-type=\"fade-in\" data-anim-delay=\"800\" style=\"\">Terceirize seu financeiro.<\/h6><h4 class=\"text-white font-weight-bold mb-0 animate-in\" data-anim-type=\"fade-in\" data-anim-delay=\"400\" style=\"\">BPO Financeiro<\/h4><\/div><\/div><img decoding=\"async\" class=\"card-img-bottom animating fade-in-Img\" src=\"https:\/\/novo.e2rtreinamentos.com.br\/wp\/wp-content\/uploads\/2024\/09\/e2r-bpo.jpg\" alt=\"\"><\/a><\/div><\/div>[vc_empty_space][\/vc_column][vc_column width=&#8221;1\/3&#8243;]<div class=\"card mb-3 mb-sm-0 pix-info-card   shadow-lg shadow-hover-lg scale-sm  animate-in\" data-anim-type=\"fade-in-up\" data-anim-delay=\"0\"><div class=\"card-inner\"><a href=\"https:\/\/novo.e2rtreinamentos.com.br\/wp\/?page_id=14368\" ><div class=\"card-img-overlay p-0 d-flex flex-column justify-content-end animating fade-in-up\"><div class=\"card-img-overlay-content card-content-box bg-dark-opacity-2 pix-p-20\" ><h6 class=\"card-text font-weight-bold text-light-opacity-7  animate-in\" data-anim-type=\"fade-in\" data-anim-delay=\"800\" style=\"\">Mentoria empresarial.<\/h6><h4 class=\"text-white font-weight-bold mb-0 animate-in\" data-anim-type=\"fade-in\" data-anim-delay=\"400\" style=\"\">Mentoring<\/h4><\/div><\/div><img decoding=\"async\" class=\"card-img-bottom animating fade-in-Img\" src=\"https:\/\/novo.e2rtreinamentos.com.br\/wp\/wp-content\/uploads\/2024\/09\/e2r-consulting.jpg\" alt=\"\"><\/a><\/div><\/div>[vc_empty_space][\/vc_column][\/vc_row][\/vc_section][vc_section full_width=&#8221;stretch_row&#8221; pix_over_visibility=&#8221;&#8221; css=&#8221;.vc_custom_1720474592320{padding-top: 40px !important;padding-bottom: 40px !important;}&#8221;][vc_row content_placement=&#8221;middle&#8221; pix_particles_check=&#8221;&#8221;][vc_column content_align=&#8221;text-center&#8221; css=&#8221;.vc_custom_1590551193189{padding-right: 30px !important;padding-left: 30px !important;}&#8221;]<div id=\"sliding-text-47383560\" class=\"mb-3 text-center  vc_custom_1684368030373\"><h2 class=\"mb-32 pix-sliding-headline-2 animate-in font-weight-bold secondary-font \" data-anim-type=\"pix-sliding-text\" pix-anim-delay=\"500\" data-class=\"secondary-font text-heading-default\" style=\"\"><span class=\"slide-in-container \"><span class=\"pix-sliding-item secondary-font text-heading-default\" style=\"transition-delay: 0ms;\">Depoimentos&#32;<\/span><\/span> <\/h2><\/div><div class=\"pix-el-text w-100 text-center  vc_custom_1726230319921\" ><div class=\"d-inline-block\" style=\"max-width:600px;\"><p class=\"text-20  text-body-default text-center \" ><span class=\"text-body-default animate-in d-inline-block\" data-anim-delay=\"900\" data-anim-type=\"fade-in-up\">O que nossos clientes falam sobre os resultados que geramos:<\/span><\/p><\/div><\/div>[\/vc_column][\/vc_row][vc_row content_placement=&#8221;middle&#8221; pix_over_visibility=&#8221;2&#8243; pix_particles_check=&#8221;&#8221; css=&#8221;.vc_custom_1590550699539{padding-top: 40px !important;padding-bottom: 40px !important;border-radius: 10px !important;}&#8221;][vc_column width=&#8221;1\/2&#8243; pix_particles_check=&#8221;1&#8243; pix_particles=&#8221;%5B%7B%22h_position%22%3A%22left%22%2C%22horizontal%22%3A%220%22%2C%22v_position%22%3A%22top%22%2C%22vertical%22%3A%220%22%2C%22pix_particles_type%22%3A%22scroll_parallax%22%2C%22pix_particles_type_2%22%3A%22mouse_parallax%22%2C%22pix_particles_type_3%22%3A%22scroll_rotate%22%2C%22depth%22%3A%220.2%22%2C%22xaxis%22%3A%22100%22%2C%22yaxis%22%3A%220%22%2C%22rotation_speed%22%3A%22300%22%2C%22pix_inverse_rotation%22%3A%22scroll_inverse%22%2C%22pix_infinite_speed%22%3A%22pix-duration-fast%22%2C%22hide%22%3A%22true%22%7D%5D&#8221;]<div class=\"pix-content-box card      vc_custom_1726230361640    rounded-10 shadow shadow-hover fly-sm animate-in bg-white w-100  \"  data-anim-type=\"fade-in-up\" data-anim-delay=\"0\"><div class=\"\" style=\"z-index:30;position:relative;\"><div class=\"card pix-p-10 rounded-10\"><div class=\"card-body\"><p class=\"card-text  text-body-default text-18\" >A parceria com a E2R Consultoria Empresarial foi crucial para o sucesso cont\u00ednuo da minha empresa. Sua abordagem especializada e orientada para resultados trouxe insights estrat\u00e9gicos que nos permitiram otimizar processos internos, identificar oportunidades de crescimento e aprimorar a efici\u00eancia operacional.<\/p><div class=\"d-flex\"><span class=\"align-self-center pix-circle pix-bg-custom bg-gradient-primary circle-48 animate-in shadow-sm\"  data-anim-type=\"fade-in-left\" data-anim-delay=\"200\"><img loading=\"lazy\" decoding=\"async\" src=\"https:\/\/novo.e2rtreinamentos.com.br\/wp\/wp-content\/uploads\/2024\/09\/vlabson.png\" class=\"rounded-circle\" width=\"48\" height=\"48\" alt=\"\" \/><\/span><div class=\"align-self-center\"><h6 class=\"card-title mb-0 pix-mx-20 font-weight-bold text-heading-default\" >Vlabson Viana<\/h6><\/div><\/div><\/div><\/div><\/div><\/div><div class=\"pix-content-box card      vc_custom_1726230470964    rounded-10 shadow shadow-hover fly-sm animate-in bg-white w-100  \"  data-anim-type=\"fade-in-up\" data-anim-delay=\"0\"><div class=\"\" style=\"z-index:30;position:relative;\"><div class=\"card pix-p-10 rounded-10\"><div class=\"card-body\"><p class=\"card-text  text-body-default text-18\" >Consultoria com uma equipe super qualificada. Profissionais com expertise para impulsionar o business e trazer resultados incr\u00edveis.<\/p><div class=\"d-flex\"><span class=\"align-self-center pix-circle pix-bg-custom bg-gradient-primary circle-48 animate-in shadow-sm\"  data-anim-type=\"fade-in-left\" data-anim-delay=\"200\"><img loading=\"lazy\" decoding=\"async\" src=\"https:\/\/novo.e2rtreinamentos.com.br\/wp\/wp-content\/uploads\/2024\/09\/joao-qj63orcy1ve3l9kqm7hidpi11e5ip7uhot5gi51cyw.png\" class=\"rounded-circle\" width=\"48\" height=\"48\" alt=\"\" \/><\/span><div class=\"align-self-center\"><h6 class=\"card-title mb-0 pix-mx-20 font-weight-bold text-heading-default\" >Jo\u00e3o Ricart<\/h6><\/div><\/div><\/div><\/div><\/div><\/div>[\/vc_column][vc_column width=&#8221;1\/2&#8243;]<div class=\"pix-content-box card      vc_custom_1726230433177    rounded-10 shadow shadow-hover fly-sm animate-in bg-white w-100  \"  data-anim-type=\"fade-in-up\" data-anim-delay=\"0\"><div class=\"\" style=\"z-index:30;position:relative;\"><div class=\"card pix-p-10 rounded-10\"><div class=\"card-body\"><p class=\"card-text  text-body-default text-18\" >\u00d3tima empresa com profissionais capacitados e preparados para garantir a excel\u00eancia da sua empresa, com essa consultoria sei que posso contar.<\/p><div class=\"d-flex\"><span class=\"align-self-center pix-circle pix-bg-custom bg-gradient-primary circle-48 animate-in shadow-sm\"  data-anim-type=\"fade-in-left\" data-anim-delay=\"200\"><img loading=\"lazy\" decoding=\"async\" src=\"https:\/\/novo.e2rtreinamentos.com.br\/wp\/wp-content\/uploads\/2024\/09\/edvania.png\" class=\"rounded-circle\" width=\"48\" height=\"48\" alt=\"\" \/><\/span><div class=\"align-self-center\"><h6 class=\"card-title mb-0 pix-mx-20 font-weight-bold text-heading-default\" >Edvania Mourato<\/h6><\/div><\/div><\/div><\/div><\/div><\/div><div class=\"pix-content-box card      vc_custom_1726230842578    rounded-10 shadow shadow-hover fly-sm animate-in bg-white w-100  \"  data-anim-type=\"fade-in-up\" data-anim-delay=\"0\"><div class=\"\" style=\"z-index:30;position:relative;\"><div class=\"card pix-p-10 rounded-10\"><div class=\"card-body\"><p class=\"card-text  text-body-default text-18\" >A E2R \u00e9 uma das empresas mais excelentes que entregam resultados personalizados. Fiz consultoria com essa empresa e desde ent\u00e3o os gr\u00e1ficos s\u00f3 aumentaram e solu\u00e7\u00f5es foram dadas com base em pontos ajustados por eles. Obrigado, Esdras Barboza, pela sua experi\u00eancia e entrega.<\/p><div class=\"d-flex\"><span class=\"align-self-center pix-circle pix-bg-custom bg-gradient-primary circle-48 animate-in shadow-sm\"  data-anim-type=\"fade-in-left\" data-anim-delay=\"200\"><img loading=\"lazy\" decoding=\"async\" src=\"https:\/\/novo.e2rtreinamentos.com.br\/wp\/wp-content\/uploads\/2024\/09\/unnamed-2.png\" class=\"rounded-circle\" width=\"48\" height=\"48\" alt=\"\" \/><\/span><div class=\"align-self-center\"><h6 class=\"card-title mb-0 pix-mx-20 font-weight-bold text-heading-default\" >Rosana Cavalcante<\/h6><\/div><\/div><\/div><\/div><\/div><\/div>[\/vc_column][\/vc_row][vc_row pix_particles_check=&#8221;&#8221;][vc_column content_align=&#8221;text-center&#8221;]<a  href=\"https:\/\/g.co\/kgs\/x9bxKuF\" class=\"btn mb-2     text-primary btn-link text-primary d-inline-block      btn-md\" target=\"_blank\" rel=\"noopener\"    ><i class=\"font-weight-bold pixicon-google   mr-1\"><\/i> <span class=\"font-weight-bold \" >Ver mais no Google<\/span><\/a>[\/vc_column][\/vc_row][\/vc_section]<\/section>","protected":false},"excerpt":{"rendered":"[vc_section full_width=&#8221;stretch_row_content&#8221; pix_over_visibility=&#8221;&#8221; b_custom_height=&#8221;150px&#8221; css=&#8221;.vc_custom_1725393274584{padding-top: 0px !important;background-color: #ffffff !important;}&#8221;][vc_row full_width=&#8221;stretch_row_content_no_spaces&#8221; pix_particles_check=&#8221;&#8221; css=&#8221;.vc_custom_1720470569313{padding-top: 0px !important;}&#8221;][vc_column offset=&#8221;vc_hidden-md vc_hidden-sm vc_hidden-xs&#8221;][\/vc_column][\/vc_row][vc_row full_width=&#8221;stretch_row_content_no_spaces&#8221; pix_particles_check=&#8221;&#8221; css=&#8221;.vc_custom_1720470569313{padding-top: 0px !important;}&#8221;][vc_column offset=&#8221;vc_hidden-lg&#8221;][\/vc_column][\/vc_row][\/vc_section][vc_section full_width=&#8221;stretch_row&#8221; pix_over_visibility=&#8221;&#8221; css=&#8221;.vc_custom_1725393178808{padding-top: 60px !important;padding-bottom: 60px !important;background-color: #113350 !important;}&#8221;][vc_row full_width=&#8221;stretch_row&#8221; content_placement=&#8221;middle&#8221; pix_particles_check=&#8221;&#8221;][vc_column content_align=&#8221;text-center&#8221; offset=&#8221;vc_hidden-md vc_hidden-sm vc_hidden-xs&#8221;][\/vc_column][\/vc_row][vc_row full_width=&#8221;stretch_row&#8221;&#8230;","protected":false},"author":1,"featured_media":0,"parent":0,"menu_order":0,"comment_status":"closed","ping_status":"closed","template":"","meta":{"footnotes":""},"class_list":["post-9","page","type-page","status-publish","hentry"],"_links":{"self":[{"href":"https:\/\/novo.e2rtreinamentos.com.br\/wp\/index.php?rest_route=\/wp\/v2\/pages\/9","targetHints":{"allow":["GET"]}}],"collection":[{"href":"https:\/\/novo.e2rtreinamentos.com.br\/wp\/index.php?rest_route=\/wp\/v2\/pages"}],"about":[{"href":"https:\/\/novo.e2rtreinamentos.com.br\/wp\/index.php?rest_route=\/wp\/v2\/types\/page"}],"author":[{"embeddable":true,"href":"https:\/\/novo.e2rtreinamentos.com.br\/wp\/index.php?rest_route=\/wp\/v2\/users\/1"}],"replies":[{"embeddable":true,"href":"https:\/\/novo.e2rtreinamentos.com.br\/wp\/index.php?rest_route=%2Fwp%2Fv2%2Fcomments&post=9"}],"version-history":[{"count":212,"href":"https:\/\/novo.e2rtreinamentos.com.br\/wp\/index.php?rest_route=\/wp\/v2\/pages\/9\/revisions"}],"predecessor-version":[{"id":14597,"href":"https:\/\/novo.e2rtreinamentos.com.br\/wp\/index.php?rest_route=\/wp\/v2\/pages\/9\/revisions\/14597"}],"wp:attachment":[{"href":"https:\/\/novo.e2rtreinamentos.com.br\/wp\/index.php?rest_route=%2Fwp%2Fv2%2Fmedia&parent=9"}],"curies":[{"name":"wp","href":"https:\/\/api.w.org\/{rel}","templated":true}]}}