{"id":14550,"date":"2024-09-12T23:04:03","date_gmt":"2024-09-13T02:04:03","guid":{"rendered":"https:\/\/novo.e2rtreinamentos.com.br\/wp\/?page_id=14550"},"modified":"2024-09-13T08:41:39","modified_gmt":"2024-09-13T11:41:39","slug":"cases-de-sucesso","status":"publish","type":"page","link":"https:\/\/novo.e2rtreinamentos.com.br\/wp\/?page_id=14550","title":{"rendered":"Cases de sucesso"},"content":{"rendered":"<section class=\"wpb-content-wrapper\">[vc_section full_width=&#8221;stretch_row&#8221; content_placement=&#8221;middle&#8221; fade_in_opacity=&#8221;pix-opacity-1&#8243; pix_over_visibility=&#8221;&#8221; pix_overlay_color=&#8221;gradient-primary&#8221; css=&#8221;.vc_custom_1726227630752{padding-top: 40px !important;padding-bottom: 40px !important;}&#8221; fade_in_intro=&#8221;14565&#8243; b_custom_height=&#8221;200px&#8221; pix_overlay_opacity=&#8221;0.9&#8243;][vc_row content_placement=&#8221;middle&#8221; pix_dark_mode=&#8221;yes&#8221; pix_particles_check=&#8221;&#8221; css=&#8221;.vc_custom_1590464267125{padding-top: 60px !important;padding-bottom: 60px !important;}&#8221;][vc_column content_align=&#8221;text-center&#8221; css=&#8221;.vc_custom_1590278076706{padding-top: 20px !important;padding-bottom: 20px !important;}&#8221;]<div id=\"el1726160974438-4d73f34b-9cf7\" class=\"mb-3 text-center  vc_custom_1726193009740\"><h1 class=\"mb-32 pix-sliding-headline-2 animate-in font-weight-bold secondary-font \" data-anim-type=\"pix-sliding-text\" pix-anim-delay=\"500\" data-class=\"secondary-font text-heading-default\" style=\"\"><span class=\"slide-in-container \"><span class=\"pix-sliding-item secondary-font text-heading-default\" style=\"transition-delay: 0ms;\">Algumas&#32;<\/span><\/span> <span class=\"slide-in-container \"><span class=\"pix-sliding-item secondary-font text-heading-default\" style=\"transition-delay: 150ms;\">marcas&#32;<\/span><\/span> <span class=\"slide-in-container \"><span class=\"pix-sliding-item secondary-font text-heading-default\" style=\"transition-delay: 300ms;\">que&#32;<\/span><\/span> <span class=\"slide-in-container \"><span class=\"pix-sliding-item secondary-font text-heading-default\" style=\"transition-delay: 450ms;\">tiverem&#32;<\/span><\/span> <span class=\"slide-in-container \"><span class=\"pix-sliding-item secondary-font text-heading-default\" style=\"transition-delay: 600ms;\">seus&#32;<\/span><\/span> <span class=\"slide-in-container \"><span class=\"pix-sliding-item secondary-font text-heading-default\" style=\"transition-delay: 750ms;\">neg\u00f3cios&#32;<\/span><\/span> <span class=\"slide-in-container \"><span class=\"pix-sliding-item secondary-font text-heading-default\" style=\"transition-delay: 900ms;\">impactados&#32;<\/span><\/span> <\/h1><\/div><div class=\"pix-el-text w-100 text-center  vc_custom_1726193023923\" ><div class=\"d-inline-block\" style=\"max-width:700px;\"><p class=\"text-20  text-body-default text-center \" ><span class=\"text-body-default animate-in d-inline-block\" data-anim-delay=\"1200\" data-anim-type=\"fade-in-up\">Se voc\u00ea tem um desafio em seu consult\u00f3rio, cl\u00ednica ou hospital, agente uma reuni\u00e3o estrat\u00e9gica com um consultor e descubra como podemos ajudar a impulsionar o seu neg\u00f3cio.<\/span><\/p><\/div><\/div><a  href=\"https:\/\/api.whatsapp.com\/send?phone=5585998282993&amp;text=Oi,%20gostaria%20de%20mais%20informa%C3%A7%C3%B5es%20sobre%20a%consultoria.\" class=\"btn mb-2     shadow shadow-hover text-white btn-secondary d-inline-block pix-hover-item       animate-in btn-lg\" target=\"_blank\" rel=\"noopener\"  data-anim-type=\"fade-in-left\" data-anim-delay=\"400\" ><i class=\"font-weight-bold pixicon-business  pix-hover-left  mr-1\"><\/i> <span class=\"font-weight-bold \" >Falar com consultor<\/span><\/a>[\/vc_column][\/vc_row][\/vc_section][vc_section full_width=&#8221;stretch_row&#8221; full_height=&#8221;yes&#8221; content_placement=&#8221;middle&#8221; pix_over_visibility=&#8221;&#8221; pix_overlay_color=&#8221;custom-gradient&#8221; responsive_css=&#8221;{&#8220;pix_res_sm_pt&#8220;:&#8220;20&#8220;,&#8220;pix_res_sm_pb&#8220;:&#8220;60&#8220;,&#8220;pix_res_md_pt&#8220;:&#8220;40&#8220;,&#8220;pix_res_md_pb&#8220;:&#8220;80&#8220;}&#8221; css=&#8221;.vc_custom_1726191744845{padding-top: 10px !important;padding-bottom: 140px !important;}&#8221; pix_custom_gradient=&#8221;linear-gradient(to top, rgb(233,236,239) 0%, rgb(255,255,255) 100%)&#8221; el_id=&#8221;pix_section_case&#8221;][vc_row full_width=&#8221;stretch_row_content_no_spaces&#8221; pix_particles_check=&#8221;&#8221; css=&#8221;.vc_custom_1645215292686{padding-top: 80px !important;padding-bottom: 40px !important;}&#8221;][vc_column content_align=&#8221;text-center&#8221; css=&#8221;.vc_custom_1645144831797{border-top-width: 2px !important;padding-top: 0px !important;border-top-color: rgba(0,0,0,0.05) !important;border-top-style: dashed !important;}&#8221;]<div id=\"marquee-189749250\" class=\"pix-marquee-element d-flex  vc_custom_1726191607149\" ><div class=\"pix-marquee  \" ><div class=\"marquee__inner \" aria-hidden=\"true\"><h5 class=\"pix-marquee-item text-primary \"><img loading=\"lazy\" decoding=\"async\" class=\"pix-fit-cover shadow shadow-hover scale-sm rounded-circle\" src=\"https:\/\/novo.e2rtreinamentos.com.br\/wp\/wp-content\/uploads\/2024\/09\/cac2-150x150.jpg\" width=\"150\" height=\"150\" style=\"width:150px;height:150px;display:inline-block;position:relative;\" alt=\"\"><\/h5><h5 class=\"pix-marquee-item text-primary \"><img loading=\"lazy\" decoding=\"async\" class=\"pix-fit-cover shadow shadow-hover scale-sm rounded-circle\" src=\"https:\/\/novo.e2rtreinamentos.com.br\/wp\/wp-content\/uploads\/2024\/09\/sacv-150x150.jpg\" width=\"150\" height=\"150\" style=\"width:150px;height:150px;display:inline-block;position:relative;\" alt=\"\"><\/h5><h5 class=\"pix-marquee-item text-primary \"><img loading=\"lazy\" decoding=\"async\" class=\"pix-fit-cover shadow shadow-hover scale-sm rounded-circle\" src=\"https:\/\/novo.e2rtreinamentos.com.br\/wp\/wp-content\/uploads\/2024\/09\/ellev-150x150.jpg\" width=\"150\" height=\"150\" style=\"width:150px;height:150px;display:inline-block;position:relative;\" alt=\"\"><\/h5><h5 class=\"pix-marquee-item text-primary \"><img loading=\"lazy\" decoding=\"async\" class=\"pix-fit-cover shadow shadow-hover scale-sm rounded-circle\" src=\"https:\/\/novo.e2rtreinamentos.com.br\/wp\/wp-content\/uploads\/2024\/09\/ellev-150x150.jpg\" width=\"150\" height=\"150\" style=\"width:150px;height:150px;display:inline-block;position:relative;\" alt=\"\"><\/h5><h5 class=\"pix-marquee-item text-primary \"><img loading=\"lazy\" decoding=\"async\" class=\"pix-fit-cover shadow shadow-hover scale-sm rounded-circle\" src=\"https:\/\/novo.e2rtreinamentos.com.br\/wp\/wp-content\/uploads\/2024\/09\/comv-150x150.jpg\" width=\"150\" height=\"150\" style=\"width:150px;height:150px;display:inline-block;position:relative;\" alt=\"\"><\/h5><h5 class=\"pix-marquee-item text-primary \"><img loading=\"lazy\" decoding=\"async\" class=\"pix-fit-cover shadow shadow-hover scale-sm rounded-circle\" src=\"https:\/\/novo.e2rtreinamentos.com.br\/wp\/wp-content\/uploads\/2024\/09\/ndo-150x150.jpg\" width=\"150\" height=\"150\" style=\"width:150px;height:150px;display:inline-block;position:relative;\" alt=\"\"><\/h5><h5 class=\"pix-marquee-item text-primary \"><img loading=\"lazy\" decoding=\"async\" class=\"pix-fit-cover shadow shadow-hover scale-sm rounded-circle\" src=\"https:\/\/novo.e2rtreinamentos.com.br\/wp\/wp-content\/uploads\/2024\/09\/nuvi-150x150.jpg\" width=\"150\" height=\"150\" style=\"width:150px;height:150px;display:inline-block;position:relative;\" alt=\"\"><\/h5><\/div><\/div><\/div>[\/vc_column][\/vc_row][\/vc_section][vc_section full_width=&#8221;stretch_row&#8221; pix_over_visibility=&#8221;&#8221; css=&#8221;.vc_custom_1651006671219{margin-top: 0px !important;padding-top: 0px !important;padding-bottom: 40px !important;background-color: #ffffff !important;}&#8221;][vc_row pix_particles_check=&#8221;&#8221; css=&#8221;.vc_custom_1651006688102{margin-top: 0px !important;padding-top: 0px !important;}&#8221;][vc_column responsive_css=&#8221;{&#8220;pix_res_sm_mt&#8220;:&#8220;-50px&#8220;,&#8220;pix_res_md_mt&#8220;:&#8220;-100px&#8220;}&#8221; offset=&#8221;vc_col-lg-offset-1 vc_col-lg-10&#8243; css=&#8221;.vc_custom_1651006698850{margin-top: -150px !important;}&#8221;]<div class=\"card rounded-10 overflow-hidden row no-gutters flex-column flex-md-row flex-md-row-reverse   vc_custom_1726190945734  shadow-lg shadow-hover-lg scale-sm  animate-in \" data-anim-delay=\"0\" data-anim-type=\"pix-3d-down-in\"><div class=\"flex-column col-md-6\"><img decoding=\"async\" class=\"card-img rounded-0 pix-fit-cover flex-grow-1 h-100\" src=\"https:\/\/novo.e2rtreinamentos.com.br\/wp\/wp-content\/uploads\/2024\/09\/fotos-04.jpg\" alt=\"Case: Cl\u00ednica Aldemir Carneiro cresce 37%\" \/><\/div><div class=\"card-body d-flex align-content-between flex-wrap col-md-6 p-lg-5 p-md-5 p-4\"><div class=\"d-flex align-items-start\"><div><img loading=\"lazy\" class=\"mb-3\" src=\"https:\/\/novo.e2rtreinamentos.com.br\/wp\/wp-content\/uploads\/2024\/09\/logo-horizontal-claro.png\" alt=\"\" width=\"630\" height=\"121\" style=\"width:auto;max-width:200px;\"  decoding=\"async\" \/><h3 style=\"\" class=\"font-weight-bold text-heading-default mb-3\">Case: Cl\u00ednica Aldemir Carneiro cresce 37%<\/h3><\/div><\/div><div class=\"d-flex align-items-end\"><div><p class=\"text-body-default text-18 text-left mb-0\" >Ap\u00f3s a entrada da E2R consultoria, implantamos diversos frameworks de crescimento que ajudaram a Cl\u00ednica Aldemir Carneiro a conquistar novos patamares de resultados.<\/p><\/div><\/div><\/div><\/div>[\/vc_column][\/vc_row][\/vc_section]<\/section>","protected":false},"excerpt":{"rendered":"[vc_section full_width=&#8221;stretch_row&#8221; content_placement=&#8221;middle&#8221; fade_in_opacity=&#8221;pix-opacity-1&#8243; pix_over_visibility=&#8221;&#8221; pix_overlay_color=&#8221;gradient-primary&#8221; css=&#8221;.vc_custom_1726227630752{padding-top: 40px !important;padding-bottom: 40px !important;}&#8221; fade_in_intro=&#8221;14565&#8243; b_custom_height=&#8221;200px&#8221; pix_overlay_opacity=&#8221;0.9&#8243;][vc_row content_placement=&#8221;middle&#8221; pix_dark_mode=&#8221;yes&#8221; pix_particles_check=&#8221;&#8221; css=&#8221;.vc_custom_1590464267125{padding-top: 60px !important;padding-bottom: 60px !important;}&#8221;][vc_column content_align=&#8221;text-center&#8221; css=&#8221;.vc_custom_1590278076706{padding-top: 20px !important;padding-bottom: 20px !important;}&#8221;][\/vc_column][\/vc_row][\/vc_section][vc_section full_width=&#8221;stretch_row&#8221; full_height=&#8221;yes&#8221; content_placement=&#8221;middle&#8221; pix_over_visibility=&#8221;&#8221; pix_overlay_color=&#8221;custom-gradient&#8221; responsive_css=&#8221;{&#8220;pix_res_sm_pt&#8220;:&#8220;20&#8220;,&#8220;pix_res_sm_pb&#8220;:&#8220;60&#8220;,&#8220;pix_res_md_pt&#8220;:&#8220;40&#8220;,&#8220;pix_res_md_pb&#8220;:&#8220;80&#8220;}&#8221; css=&#8221;.vc_custom_1726191744845{padding-top: 10px !important;padding-bottom: 140px !important;}&#8221; pix_custom_gradient=&#8221;linear-gradient(to&#8230;","protected":false},"author":1,"featured_media":0,"parent":0,"menu_order":0,"comment_status":"closed","ping_status":"closed","template":"","meta":{"footnotes":""},"class_list":["post-14550","page","type-page","status-publish","hentry"],"_links":{"self":[{"href":"https:\/\/novo.e2rtreinamentos.com.br\/wp\/index.php?rest_route=\/wp\/v2\/pages\/14550","targetHints":{"allow":["GET"]}}],"collection":[{"href":"https:\/\/novo.e2rtreinamentos.com.br\/wp\/index.php?rest_route=\/wp\/v2\/pages"}],"about":[{"href":"https:\/\/novo.e2rtreinamentos.com.br\/wp\/index.php?rest_route=\/wp\/v2\/types\/page"}],"author":[{"embeddable":true,"href":"https:\/\/novo.e2rtreinamentos.com.br\/wp\/index.php?rest_route=\/wp\/v2\/users\/1"}],"replies":[{"embeddable":true,"href":"https:\/\/novo.e2rtreinamentos.com.br\/wp\/index.php?rest_route=%2Fwp%2Fv2%2Fcomments&post=14550"}],"version-history":[{"count":3,"href":"https:\/\/novo.e2rtreinamentos.com.br\/wp\/index.php?rest_route=\/wp\/v2\/pages\/14550\/revisions"}],"predecessor-version":[{"id":14570,"href":"https:\/\/novo.e2rtreinamentos.com.br\/wp\/index.php?rest_route=\/wp\/v2\/pages\/14550\/revisions\/14570"}],"wp:attachment":[{"href":"https:\/\/novo.e2rtreinamentos.com.br\/wp\/index.php?rest_route=%2Fwp%2Fv2%2Fmedia&parent=14550"}],"curies":[{"name":"wp","href":"https:\/\/api.w.org\/{rel}","templated":true}]}}